{"id":94,"date":"2019-04-03T09:45:11","date_gmt":"2019-04-03T07:45:11","guid":{"rendered":"http:\/\/emtt48.fr\/?page_id=94"},"modified":"2019-04-04T10:57:29","modified_gmt":"2019-04-04T08:57:29","slug":"saison-2015-2014","status":"publish","type":"page","link":"https:\/\/emtt48.fr\/index.php\/saison-2015-2014\/","title":{"rendered":"Saison 2014-2015"},"content":{"rendered":"\n<b>Inter-Comit\u00e9 2015<\/b><br>\n<a href=\"https:\/\/get.google.com\/albumarchive\/pwa\/113828188805546847589\/album\/6164012307949192465\" target=\"_blank\" rel=\"noopener noreferrer\"><img src=\"http:\/\/emtt48.fr\/wp-content\/uploads\/2019\/04\/inter-comite.jpg\" width=\"500\" alt=\"Inter-Comit\u00e9 2015\"><\/a>\n\n\n\n<div style=\"height:100px\" aria-hidden=\"true\" class=\"wp-block-spacer\"><\/div>\n\n\n\n<b>Championnat Loz\u00e8re 2015<\/b><br>\n<a href=\"https:\/\/get.google.com\/albumarchive\/pwa\/113828188805546847589\/album\/6164010282651735041\" target=\"_blank\" rel=\"noopener noreferrer\"><img src=\"http:\/\/emtt48.fr\/wp-content\/uploads\/2019\/04\/champ-lozere-2015.jpg\" width=\"500\" alt=\"Championnat Loz\u00e8re 2015\"><\/a>\n\n\n\n<div style=\"height:100px\" aria-hidden=\"true\" class=\"wp-block-spacer\"><\/div>\n\n\n\n<b>Coupe lozere 2015<\/b><br>\n<a href=\"https:\/\/get.google.com\/albumarchive\/pwa\/113828188805546847589\/album\/6164266756055210177\" target=\"_blank\" rel=\"noopener noreferrer\"><img src=\"http:\/\/emtt48.fr\/wp-content\/uploads\/2019\/04\/coupe-lozere.jpg\" width=\"500\" alt=\"Coupe lozere 2015\"><\/a>\n\n\n\n<div style=\"height:100px\" aria-hidden=\"true\" class=\"wp-block-spacer\"><\/div>\n\n\n\n<b>Rencontres R1-R3 26-04-15<\/b><br>\n<a href=\"https:\/\/get.google.com\/albumarchive\/pwa\/113828188805546847589\/album\/6142483102392500065\" target=\"_blank\" rel=\"noopener noreferrer\"><img src=\"http:\/\/emtt48.fr\/wp-content\/uploads\/2019\/04\/rencontre-r1.jpg\" width=\"500\" alt=\"Rencontres R1-R3 26-04-15\"><\/a>\n\n\n\n<div style=\"height:100px\" aria-hidden=\"true\" class=\"wp-block-spacer\"><\/div>\n\n\n\n<b>55 &#8211; Soir\u00e9e raclette du ping \u200e(20 d\u00e9c 2014)\u200e<\/b><br>\n<a href=\"https:\/\/get.google.com\/albumarchive\/pwa\/113828188805546847589\/album\/6110561592800272001\" target=\"_blank\" rel=\"noopener noreferrer\"><img src=\"http:\/\/emtt48.fr\/wp-content\/uploads\/2019\/04\/soiree-raclette.jpg\" width=\"500\" alt=\"55 - Soir\u00e9e raclette du ping \u200e(20 d\u00e9c 2014)\u200e\"><\/a>\n\n\n\n<div style=\"height:100px\" aria-hidden=\"true\" class=\"wp-block-spacer\"><\/div>\n\n\n\n<b>Match R1 &#8211; Lav\u00e9rune 28-09-2014<\/b><br>\n<a href=\"https:\/\/get.google.com\/albumarchive\/113828188805546847589\/album\/AF1QipNRtL8c2NTLffwbjwpO2sndmv0O8-Vhpzf-dSj6\" target=\"_blank\" rel=\"noopener noreferrer\"><img src=\"http:\/\/emtt48.fr\/wp-content\/uploads\/2019\/04\/laverune1.jpg\" width=\"500\" alt=\"Match R1 - Lav\u00e9rune 28-09-2014\"><\/a>\n\n\n\n<div style=\"height:100px\" aria-hidden=\"true\" class=\"wp-block-spacer\"><\/div>\n\n\n\n<b>Les \u00e9quipes Mendoises Phase 1<\/b><br>\n<a href=\"https:\/\/get.google.com\/albumarchive\/pwa\/113828188805546847589\/album\/6065125433253151009\" target=\"_blank\" rel=\"noopener noreferrer\"><img src=\"http:\/\/emtt48.fr\/wp-content\/uploads\/2019\/04\/phase-1.jpg\" width=\"500\" alt=\"Les \u00e9quipes Mendoises Phase 1\"><\/a>\n\n\n\n<div style=\"height:100px\" aria-hidden=\"true\" class=\"wp-block-spacer\"><\/div>\n\n\n\n<b>Pendant et l&#8217;apr\u00e8s match &#8211; 26-09-2014<\/b><br>\n<a href=\"https:\/\/get.google.com\/albumarchive\/pwa\/113828188805546847589\/album\/6065129017102170129\" target=\"_blank\" rel=\"noopener noreferrer\"><img src=\"http:\/\/emtt48.fr\/wp-content\/uploads\/2019\/04\/pendant-match.jpg\" width=\"500\" alt=\"Pendant et l'apr\u00e8s match - 26-09-2014\"><\/a>\n","protected":false},"excerpt":{"rendered":"<p>Inter-Comit\u00e9 2015 Championnat Loz\u00e8re 2015 Coupe lozere 2015 Rencontres R1-R3 26-04-15 55 &#8211; Soir\u00e9e raclette du ping \u200e(20 d\u00e9c 2014)\u200e Match R1 &#8211; Lav\u00e9rune 28-09-2014 Les \u00e9quipes Mendoises Phase 1 Pendant et l&#8217;apr\u00e8s match &#8211; 26-09-2014<\/p>\n","protected":false},"author":1,"featured_media":0,"parent":0,"menu_order":0,"comment_status":"closed","ping_status":"closed","template":"","meta":[],"_links":{"self":[{"href":"https:\/\/emtt48.fr\/index.php\/wp-json\/wp\/v2\/pages\/94"}],"collection":[{"href":"https:\/\/emtt48.fr\/index.php\/wp-json\/wp\/v2\/pages"}],"about":[{"href":"https:\/\/emtt48.fr\/index.php\/wp-json\/wp\/v2\/types\/page"}],"author":[{"embeddable":true,"href":"https:\/\/emtt48.fr\/index.php\/wp-json\/wp\/v2\/users\/1"}],"replies":[{"embeddable":true,"href":"https:\/\/emtt48.fr\/index.php\/wp-json\/wp\/v2\/comments?post=94"}],"version-history":[{"count":5,"href":"https:\/\/emtt48.fr\/index.php\/wp-json\/wp\/v2\/pages\/94\/revisions"}],"predecessor-version":[{"id":382,"href":"https:\/\/emtt48.fr\/index.php\/wp-json\/wp\/v2\/pages\/94\/revisions\/382"}],"wp:attachment":[{"href":"https:\/\/emtt48.fr\/index.php\/wp-json\/wp\/v2\/media?parent=94"}],"curies":[{"name":"wp","href":"https:\/\/api.w.org\/{rel}","templated":true}]}}