{"id":92,"date":"2019-04-03T09:45:04","date_gmt":"2019-04-03T07:45:04","guid":{"rendered":"http:\/\/emtt48.fr\/?page_id=92"},"modified":"2019-04-04T11:14:27","modified_gmt":"2019-04-04T09:14:27","slug":"saison-2016-2015","status":"publish","type":"page","link":"https:\/\/emtt48.fr\/index.php\/saison-2016-2015\/","title":{"rendered":"Saison 2015-2016"},"content":{"rendered":"\n<b>Inter-Comit\u00e9s 2016<\/b><br>\n<a href=\"https:\/\/get.google.com\/albumarchive\/pwa\/113828188805546847589\/album\/6302738006367932689\" target=\"_blank\" rel=\"noopener noreferrer\"><img src=\"http:\/\/emtt48.fr\/wp-content\/uploads\/2019\/04\/inter-comite-16.jpg\" width=\"500\" alt=\"Inter-Comit\u00e9s 2016\"><\/a>\n\n\n\n<div style=\"height:100px\" aria-hidden=\"true\" class=\"wp-block-spacer\"><\/div>\n\n\n\n<b>Championnat de Loz\u00e8re 11-06-16<\/b><br>\n<a href=\"https:\/\/get.google.com\/albumarchive\/113828188805546847589\/album\/AF1QipMDAijcc99BrgZ_TJv9PuB6DuTlSbB_EvG3EYQp\" target=\"_blank\" rel=\"noopener noreferrer\"><img src=\"http:\/\/emtt48.fr\/wp-content\/uploads\/2019\/04\/champ-lozere-16.jpg\" width=\"500\" alt=\"Championnat de Loz\u00e8re 11-06-16\"><\/a>\n\n\n\n<div style=\"height:100px\" aria-hidden=\"true\" class=\"wp-block-spacer\"><\/div>\n\n\n\n<b>Championnat Jeunes 2016<\/b><br>\n<a href=\"https:\/\/get.google.com\/albumarchive\/pwa\/113828188805546847589\/album\/6271668956471648209\" target=\"_blank\" rel=\"noopener noreferrer\"><img src=\"http:\/\/emtt48.fr\/wp-content\/uploads\/2019\/04\/champ-jeunes-16.jpg\" width=\"500\" alt=\"Championnat Jeunes 2016\"><\/a>\n\n\n\n<div style=\"height:100px\" aria-hidden=\"true\" class=\"wp-block-spacer\"><\/div>\n\n\n\n<b>Nouveaux maillots<\/b><br>\n<a href=\"https:\/\/get.google.com\/albumarchive\/pwa\/113828188805546847589\/album\/6267027096386916161\" target=\"_blank\" rel=\"noopener noreferrer\"><img src=\"http:\/\/emtt48.fr\/wp-content\/uploads\/2019\/04\/nouveau-maillot.jpg\" width=\"500\" alt=\"Nouveaux maillots\"><\/a>\n\n\n\n<div style=\"height:100px\" aria-hidden=\"true\" class=\"wp-block-spacer\"><\/div>\n\n\n\n<b>Match R1 &#8211; 17-01-15<\/b><br>\n<a href=\"https:\/\/get.google.com\/albumarchive\/113828188805546847589\/album\/AF1QipMEtCWgQd5TziLaNt4RpekAKkmQZns7Nulhmefk\" target=\"_blank\" rel=\"noopener noreferrer\"><img src=\"http:\/\/emtt48.fr\/wp-content\/uploads\/2019\/04\/match-r1-15.jpg\" width=\"500\" alt=\"Match R1 - 17-01-15\"><\/a>\n\n\n\n<div style=\"height:100px\" aria-hidden=\"true\" class=\"wp-block-spacer\"><\/div>\n\n\n\n<b>Rencontres Championnat D\u00e9part.15-01-16<\/b><br>\n<a href=\"https:\/\/get.google.com\/albumarchive\/pwa\/113828188805546847589\/album\/6240484729624097457\" target=\"_blank\" rel=\"noopener noreferrer\"><img src=\"http:\/\/emtt48.fr\/wp-content\/uploads\/2019\/04\/rencontre-champ.jpg\" width=\"500\" alt=\"Rencontres Championnat D\u00e9part.15-01-16\"><\/a>\n\n\n\n<div style=\"height:100px\" aria-hidden=\"true\" class=\"wp-block-spacer\"><\/div>\n\n\n\n<b>Crit\u00e9rium Handisport Montrodat 06-12-2015<\/b><br>\n<a href=\"https:\/\/get.google.com\/albumarchive\/pwa\/113828188805546847589\/album\/6225265064572862785\" target=\"_blank\" rel=\"noopener noreferrer\"><img src=\"http:\/\/emtt48.fr\/wp-content\/uploads\/2019\/04\/crit-handi.jpg\" width=\"500\" alt=\"Crit\u00e9rium Handisport Montrodat 06-12-2015\"><\/a>\n\n\n\n<div style=\"height:100px\" aria-hidden=\"true\" class=\"wp-block-spacer\"><\/div>\n\n\n\n<b>L&#8217;EMTT en images&#8230;Octobre 2015<\/b><br>\n<a href=\"https:\/\/get.google.com\/albumarchive\/pwa\/113828188805546847589\/album\/6207810589184715601\" target=\"_blank\" rel=\"noopener noreferrer\"><img src=\"http:\/\/emtt48.fr\/wp-content\/uploads\/2019\/04\/emtt_image.jpg\" width=\"500\" alt=\"L'EMTT en images...Octobre 2015\"><\/a>\n\n\n\n<div style=\"height:100px\" aria-hidden=\"true\" class=\"wp-block-spacer\"><\/div>\n\n\n\n<b>Equipes dep\/Reg- 18-10-15<\/b><br>\n<a href=\"https:\/\/get.google.com\/albumarchive\/pwa\/113828188805546847589\/album\/6207814033640252833\" target=\"_blank\" rel=\"noopener noreferrer\"><img src=\"http:\/\/emtt48.fr\/wp-content\/uploads\/2019\/04\/equipes-dep.jpg\" width=\"500\" alt=\"Equipes dep\/Reg- 18-10-15\"><\/a>\n\n\n\n<div style=\"height:100px\" aria-hidden=\"true\" class=\"wp-block-spacer\"><\/div>\n\n\n\n<b>Entrainement Jeunes &#8211; 16-09-15<\/b><br>\n<a href=\"https:\/\/get.google.com\/albumarchive\/pwa\/113828188805546847589\/album\/6207814471912043953\" target=\"_blank\" rel=\"noopener noreferrer\"><img src=\"http:\/\/emtt48.fr\/wp-content\/uploads\/2019\/04\/train_jeunes.jpg\" width=\"500\" alt=\"Entrainement Jeunes - 16-09-15\"><\/a>\n","protected":false},"excerpt":{"rendered":"<p>Inter-Comit\u00e9s 2016 Championnat de Loz\u00e8re 11-06-16 Championnat Jeunes 2016 Nouveaux maillots Match R1 &#8211; 17-01-15 Rencontres Championnat D\u00e9part.15-01-16 Crit\u00e9rium Handisport Montrodat 06-12-2015 L&#8217;EMTT en images&#8230;Octobre 2015 Equipes dep\/Reg- 18-10-15 Entrainement Jeunes &#8211; 16-09-15<\/p>\n","protected":false},"author":1,"featured_media":0,"parent":0,"menu_order":0,"comment_status":"closed","ping_status":"closed","template":"","meta":[],"_links":{"self":[{"href":"https:\/\/emtt48.fr\/index.php\/wp-json\/wp\/v2\/pages\/92"}],"collection":[{"href":"https:\/\/emtt48.fr\/index.php\/wp-json\/wp\/v2\/pages"}],"about":[{"href":"https:\/\/emtt48.fr\/index.php\/wp-json\/wp\/v2\/types\/page"}],"author":[{"embeddable":true,"href":"https:\/\/emtt48.fr\/index.php\/wp-json\/wp\/v2\/users\/1"}],"replies":[{"embeddable":true,"href":"https:\/\/emtt48.fr\/index.php\/wp-json\/wp\/v2\/comments?post=92"}],"version-history":[{"count":4,"href":"https:\/\/emtt48.fr\/index.php\/wp-json\/wp\/v2\/pages\/92\/revisions"}],"predecessor-version":[{"id":753,"href":"https:\/\/emtt48.fr\/index.php\/wp-json\/wp\/v2\/pages\/92\/revisions\/753"}],"wp:attachment":[{"href":"https:\/\/emtt48.fr\/index.php\/wp-json\/wp\/v2\/media?parent=92"}],"curies":[{"name":"wp","href":"https:\/\/api.w.org\/{rel}","templated":true}]}}