{"id":820,"date":"2019-05-03T16:43:33","date_gmt":"2019-05-03T14:43:33","guid":{"rendered":"http:\/\/emtt48.fr\/?page_id=820"},"modified":"2019-05-03T16:48:31","modified_gmt":"2019-05-03T14:48:31","slug":"presentation-du-tth","status":"publish","type":"page","link":"https:\/\/emtt48.fr\/index.php\/presentation-du-tth\/","title":{"rendered":"PR\u00c9SENTATION DU TTH"},"content":{"rendered":"\n<p style=\"text-align:center\"><strong>Le tennis de table est une activit\u00e9 de comp\u00e9tition et de loisir qui se pratique en simple et en double. Debout ou en fauteuil roulant, le tennis de table se joue aussi bien dans des clubs handisport que dans des clubs affili\u00e9s \u00e0 la F\u00e9d\u00e9ration Fran\u00e7aise de Tennis de Table (FFTT).&nbsp;<\/strong><\/p>\n\n\n\n<p style=\"text-align:center\"><strong>R\u00e9glementation&nbsp;:&nbsp;Le r\u00e8glement appliqu\u00e9 est celui de la F\u00e9d\u00e9ration Fran\u00e7aise de Tennis de Table \u00e0 l\u2019exception de quelques adaptations li\u00e9es \u00e0 la pratique en fauteuil roulant.&nbsp;<br>La principale est l\u2019obligation par le serveur, en simple, de d\u00e9livrer son service de mani\u00e8re \u00e0 ce que la balle ne sorte pas lat\u00e9ralement. Chaque match se joue en 3 sets gagnants. Le pongiste ou l\u2019\u00e9quipe qui marque en premier 11 points remporte le set.<\/strong><\/p>\n\n\n\n<p style=\"text-align:center\"><strong>Mat\u00e9riel : La pratique du tennis de table en fauteuil roulant ne n\u00e9cessite pas de fauteuil sp\u00e9cifique, mais doit r\u00e9pondre \u00e0 un certain nombre de caract\u00e9ristiques : disposer d\u2019au moins 2 grandes roues et d\u2019une petite roue et \u00eatre \u00e9quip\u00e9 de repose-pieds de fa\u00e7on \u00e0 ce que les pieds ou les repose-pieds ne soient pas en contact avec le sol pendant le jeu.<br>Les tables : identiques \u00e0 celles homologu\u00e9es par la FFTT, elles doivent cependant permettre l\u2019acc\u00e8s aux fauteuils roulants sans g\u00eaner les jambes des joueurs, ainsi que l\u2019acc\u00e8s \u00e0 deux fauteuils roulants pour les parties de doubles.<\/strong><\/p>\n\n\n\n<p style=\"text-align:center\"><strong>Extrait du site de <a href=\"http:\/\/WWW.TTHANDISPORT.ORG\">F\u00e9d\u00e9ration Fran\u00e7aise HandiSport<\/a>.<\/strong><\/p>\n\n\n\n<div class=\"wp-block-image\"><figure class=\"aligncenter is-resized\"><img loading=\"lazy\" src=\"http:\/\/emtt48.fr\/wp-content\/uploads\/2019\/05\/fran\u00e7ois-sponsors-1024x467.jpg\" alt=\"\" class=\"wp-image-819\" width=\"1024\" height=\"467\" srcset=\"https:\/\/emtt48.fr\/wp-content\/uploads\/2019\/05\/fran\u00e7ois-sponsors-1024x467.jpg 1024w, https:\/\/emtt48.fr\/wp-content\/uploads\/2019\/05\/fran\u00e7ois-sponsors-300x137.jpg 300w, https:\/\/emtt48.fr\/wp-content\/uploads\/2019\/05\/fran\u00e7ois-sponsors-768x351.jpg 768w, https:\/\/emtt48.fr\/wp-content\/uploads\/2019\/05\/fran\u00e7ois-sponsors-1920x876.jpg 1920w\" sizes=\"(max-width: 1024px) 100vw, 1024px\" \/><\/figure><\/div>\n","protected":false},"excerpt":{"rendered":"<p>Le tennis de table est une activit\u00e9 de comp\u00e9tition et de loisir qui se pratique en simple et en double. Debout ou en fauteuil roulant, le tennis de table se joue aussi bien dans des clubs handisport que dans des clubs affili\u00e9s \u00e0 la F\u00e9d\u00e9ration Fran\u00e7aise de Tennis de Table (FFTT).&nbsp; R\u00e9glementation&nbsp;:&nbsp;Le r\u00e8glement appliqu\u00e9 est&hellip; <br \/> <a class=\"read-more\" href=\"https:\/\/emtt48.fr\/index.php\/presentation-du-tth\/\">Read more<\/a><\/p>\n","protected":false},"author":1,"featured_media":0,"parent":0,"menu_order":0,"comment_status":"closed","ping_status":"closed","template":"","meta":[],"_links":{"self":[{"href":"https:\/\/emtt48.fr\/index.php\/wp-json\/wp\/v2\/pages\/820"}],"collection":[{"href":"https:\/\/emtt48.fr\/index.php\/wp-json\/wp\/v2\/pages"}],"about":[{"href":"https:\/\/emtt48.fr\/index.php\/wp-json\/wp\/v2\/types\/page"}],"author":[{"embeddable":true,"href":"https:\/\/emtt48.fr\/index.php\/wp-json\/wp\/v2\/users\/1"}],"replies":[{"embeddable":true,"href":"https:\/\/emtt48.fr\/index.php\/wp-json\/wp\/v2\/comments?post=820"}],"version-history":[{"count":4,"href":"https:\/\/emtt48.fr\/index.php\/wp-json\/wp\/v2\/pages\/820\/revisions"}],"predecessor-version":[{"id":827,"href":"https:\/\/emtt48.fr\/index.php\/wp-json\/wp\/v2\/pages\/820\/revisions\/827"}],"wp:attachment":[{"href":"https:\/\/emtt48.fr\/index.php\/wp-json\/wp\/v2\/media?parent=820"}],"curies":[{"name":"wp","href":"https:\/\/api.w.org\/{rel}","templated":true}]}}