{"id":43,"date":"2019-04-03T09:32:44","date_gmt":"2019-04-03T07:32:44","guid":{"rendered":"http:\/\/emtt48.fr\/?page_id=43"},"modified":"2019-05-04T11:03:07","modified_gmt":"2019-05-04T09:03:07","slug":"section-handisport","status":"publish","type":"page","link":"https:\/\/emtt48.fr\/index.php\/section-handisport\/","title":{"rendered":"Section handisport de Mende"},"content":{"rendered":"\n<p>L&#8217;EMTT dispose d&#8217;une section Handisport dynamique affili\u00e9e \u00e0 la f\u00e9d\u00e9ration, elle est g\u00e9r\u00e9e par Fran\u00e7ois Geuljans, athl\u00e8te handisport international.&nbsp; <\/p>\n\n\n\n<p style=\"text-align:center\">5 joueurs pratiquent en loisirs au sein du club<\/p>\n\n\n\n<p style=\"text-align:center\">4 joueurs sont inscrits en comp\u00e9tition:<\/p>\n\n\n\n<p style=\"text-align:center\">Delphine Mavounza, Marine Th\u00e8me, Bernard Zassot et Geuljans Fran\u00e7ois <\/p>\n\n\n\n<p style=\"text-align:center\">La majorit\u00e9 d&#8217;entre eux participe chaque ann\u00e9e aux championnats de France handisport<\/p>\n\n\n\n<div style=\"height:34px\" aria-hidden=\"true\" class=\"wp-block-spacer\"><\/div>\n\n\n\n<p>La section organise r\u00e9guli\u00e8rement de stage de tennis des table handisport ouverts \u00e0 tous et a \u00e9galement d\u00e9velopp\u00e9 un projet autour du haut niveau. Des joueurs de l&#8217;\u00e9quipe de France et du groupe France se r\u00e9unissent environ une fois par mois en Loz\u00e8re pour pr\u00e9parer les grandes \u00e9ch\u00e9ances internationales.<\/p>\n\n\n\n<p style=\"text-align:center\">Vous pouvez trouver quelques photos sur la page d\u00e9di\u00e9e : <a href=\"http:\/\/emtt48.fr\/index.php\/photos-handisport\/\">album<\/a><\/p>\n\n\n\n<div style=\"height:47px\" aria-hidden=\"true\" class=\"wp-block-spacer\"><\/div>\n\n\n\n<p style=\"text-align:center\">Retrouvez toute l&#8217;actualit\u00e9 pongiste de Fran\u00e7ois GEULJANS (actu, photos , vid\u00e9os, &#8230;) : <a rel=\"noopener noreferrer\" href=\"http:\/\/francois-geuljans.e-monsite.com\/\" target=\"_blank\">sur son site perso.<\/a><\/p>\n\n\n\n<center><img src=\"http:\/\/emtt48.fr\/wp-content\/uploads\/2019\/04\/IMG_5672.jpg\" width=\"700\" alt=\"Fran\u00e7ois Geuljans\"><\/center>\n\n\n\n<div style=\"height:60px\" aria-hidden=\"true\" class=\"wp-block-spacer\"><\/div>\n\n\n\n<p style=\"text-align:center\">UN GRAND MERCI A TOUS LES PARTENAIRES QUI SOUTIENNENT LA SECTION HANDISPORT<\/p>\n\n\n\n<div class=\"wp-block-image\"><figure class=\"aligncenter is-resized\"><img loading=\"lazy\" src=\"http:\/\/emtt48.fr\/wp-content\/uploads\/2019\/05\/fran\u00e7ois-sponsors-1024x467.jpg\" alt=\"\" class=\"wp-image-819\" width=\"1024\" height=\"467\" srcset=\"https:\/\/emtt48.fr\/wp-content\/uploads\/2019\/05\/fran\u00e7ois-sponsors-1024x467.jpg 1024w, https:\/\/emtt48.fr\/wp-content\/uploads\/2019\/05\/fran\u00e7ois-sponsors-300x137.jpg 300w, https:\/\/emtt48.fr\/wp-content\/uploads\/2019\/05\/fran\u00e7ois-sponsors-768x351.jpg 768w, https:\/\/emtt48.fr\/wp-content\/uploads\/2019\/05\/fran\u00e7ois-sponsors-1920x876.jpg 1920w\" sizes=\"(max-width: 1024px) 100vw, 1024px\" \/><\/figure><\/div>\n","protected":false},"excerpt":{"rendered":"<p>L&#8217;EMTT dispose d&#8217;une section Handisport dynamique affili\u00e9e \u00e0 la f\u00e9d\u00e9ration, elle est g\u00e9r\u00e9e par Fran\u00e7ois Geuljans, athl\u00e8te handisport international.&nbsp; 5 joueurs pratiquent en loisirs au sein du club 4 joueurs sont inscrits en comp\u00e9tition: Delphine Mavounza, Marine Th\u00e8me, Bernard Zassot et Geuljans Fran\u00e7ois La majorit\u00e9 d&#8217;entre eux participe chaque ann\u00e9e aux championnats de France handisport&hellip; <br \/> <a class=\"read-more\" href=\"https:\/\/emtt48.fr\/index.php\/section-handisport\/\">Read more<\/a><\/p>\n","protected":false},"author":1,"featured_media":0,"parent":0,"menu_order":0,"comment_status":"closed","ping_status":"closed","template":"","meta":[],"_links":{"self":[{"href":"https:\/\/emtt48.fr\/index.php\/wp-json\/wp\/v2\/pages\/43"}],"collection":[{"href":"https:\/\/emtt48.fr\/index.php\/wp-json\/wp\/v2\/pages"}],"about":[{"href":"https:\/\/emtt48.fr\/index.php\/wp-json\/wp\/v2\/types\/page"}],"author":[{"embeddable":true,"href":"https:\/\/emtt48.fr\/index.php\/wp-json\/wp\/v2\/users\/1"}],"replies":[{"embeddable":true,"href":"https:\/\/emtt48.fr\/index.php\/wp-json\/wp\/v2\/comments?post=43"}],"version-history":[{"count":12,"href":"https:\/\/emtt48.fr\/index.php\/wp-json\/wp\/v2\/pages\/43\/revisions"}],"predecessor-version":[{"id":837,"href":"https:\/\/emtt48.fr\/index.php\/wp-json\/wp\/v2\/pages\/43\/revisions\/837"}],"wp:attachment":[{"href":"https:\/\/emtt48.fr\/index.php\/wp-json\/wp\/v2\/media?parent=43"}],"curies":[{"name":"wp","href":"https:\/\/api.w.org\/{rel}","templated":true}]}}