{"id":41,"date":"2019-04-03T09:32:30","date_gmt":"2019-04-03T07:32:30","guid":{"rendered":"http:\/\/emtt48.fr\/?page_id=41"},"modified":"2023-09-02T18:19:51","modified_gmt":"2023-09-02T16:19:51","slug":"inscriptions","status":"publish","type":"page","link":"https:\/\/emtt48.fr\/index.php\/inscriptions\/","title":{"rendered":"Inscriptions"},"content":{"rendered":"\n<div style=\"height:100px\" aria-hidden=\"true\" class=\"wp-block-spacer\"><\/div>\n\n\n\n<p>Vous \u00eates int\u00e9ress\u00e9s pour nous rejoindre ? Vous trouverez ci-dessous nos modalit\u00e9s d&#8217;inscription.<\/p>\n\n\n\n<p>Pour plus d&#8217;informations n&#8217;h\u00e9sitez pas \u00e0 nous contacter. <\/p>\n\n\n\n<div style=\"height:100px\" aria-hidden=\"true\" class=\"wp-block-spacer\"><\/div>\n\n\n\n<div class=\"wp-block-file aligncenter\"><object class=\"wp-block-file__embed\" data=\"http:\/\/emtt48.fr\/wp-content\/uploads\/2023\/09\/Bulletin-dadhesion-2023-2024-v2.pdf\" type=\"application\/pdf\" style=\"width:100%;height:600px\" aria-label=\"Embed of Bulletin d'adh\u00e9sion 2023-2024 v2.\"><\/object><a href=\"http:\/\/emtt48.fr\/wp-content\/uploads\/2023\/09\/Bulletin-dadhesion-2023-2024-v2.pdf\">Bulletin d&#8217;adh\u00e9sion 2023-2024 v2<\/a><a href=\"http:\/\/emtt48.fr\/wp-content\/uploads\/2023\/09\/Bulletin-dadhesion-2023-2024-v2.pdf\" class=\"wp-block-file__button\" download>T\u00e9l\u00e9charger<\/a><\/div>\n\n\n\n<figure class=\"wp-block-gallery columns-0 is-cropped\"><ul class=\"blocks-gallery-grid\"><\/ul><\/figure>\n","protected":false},"excerpt":{"rendered":"<p>Vous \u00eates int\u00e9ress\u00e9s pour nous rejoindre ? Vous trouverez ci-dessous nos modalit\u00e9s d&#8217;inscription. Pour plus d&#8217;informations n&#8217;h\u00e9sitez pas \u00e0 nous contacter.<\/p>\n","protected":false},"author":1,"featured_media":0,"parent":0,"menu_order":0,"comment_status":"closed","ping_status":"closed","template":"","meta":[],"_links":{"self":[{"href":"https:\/\/emtt48.fr\/index.php\/wp-json\/wp\/v2\/pages\/41"}],"collection":[{"href":"https:\/\/emtt48.fr\/index.php\/wp-json\/wp\/v2\/pages"}],"about":[{"href":"https:\/\/emtt48.fr\/index.php\/wp-json\/wp\/v2\/types\/page"}],"author":[{"embeddable":true,"href":"https:\/\/emtt48.fr\/index.php\/wp-json\/wp\/v2\/users\/1"}],"replies":[{"embeddable":true,"href":"https:\/\/emtt48.fr\/index.php\/wp-json\/wp\/v2\/comments?post=41"}],"version-history":[{"count":17,"href":"https:\/\/emtt48.fr\/index.php\/wp-json\/wp\/v2\/pages\/41\/revisions"}],"predecessor-version":[{"id":901,"href":"https:\/\/emtt48.fr\/index.php\/wp-json\/wp\/v2\/pages\/41\/revisions\/901"}],"wp:attachment":[{"href":"https:\/\/emtt48.fr\/index.php\/wp-json\/wp\/v2\/media?parent=41"}],"curies":[{"name":"wp","href":"https:\/\/api.w.org\/{rel}","templated":true}]}}