{"id":180,"date":"2019-04-03T09:54:13","date_gmt":"2019-04-03T07:54:13","guid":{"rendered":"http:\/\/emtt48.fr\/?page_id=180"},"modified":"2019-04-04T16:38:28","modified_gmt":"2019-04-04T14:38:28","slug":"liens-utiles","status":"publish","type":"page","link":"https:\/\/emtt48.fr\/index.php\/liens-utiles\/","title":{"rendered":"Liens utiles"},"content":{"rendered":"\n<a href=\"https:\/\/www.pingpocket.fr\/#accueil\" target=\"_blank\" rel=\"noopener noreferrer\">Site Pingpocket<\/a>\n\n\n\n<div style=\"height:100px\" aria-hidden=\"true\" class=\"wp-block-spacer\"><\/div>\n\n\n\n<a href=\"http:\/\/francois-geuljans.e-monsite.com\/\" target=\"_blank\" rel=\"noopener noreferrer\"><img src=\"http:\/\/emtt48.fr\/wp-content\/uploads\/2019\/04\/francois-geuljans.jpg\" width=\"280\"><\/a> &nbsp; Site de Fran\u00e7ois Geuljans\n\n\n\n<div style=\"height:100px\" aria-hidden=\"true\" class=\"wp-block-spacer\"><\/div>\n\n\n\n<a href=\"http:\/\/www.fftt.com\/site\/accueil\" target=\"_blank\" rel=\"noopener noreferrer\"><img src=\"http:\/\/emtt48.fr\/wp-content\/uploads\/2019\/04\/fftt.jpg\" width=\"280\"><\/a> &nbsp; F\u00e9d\u00e9ration Fran\u00e7aise de Tennis de Table\n\n\n\n<div style=\"height:100px\" aria-hidden=\"true\" class=\"wp-block-spacer\"><\/div>\n\n\n\n<a href=\"http:\/\/loctt.fr\/\" target=\"_blank\" rel=\"noopener noreferrer\"><img src=\"http:\/\/emtt48.fr\/wp-content\/uploads\/2019\/04\/lott.jpg\" width=\"280\"><\/a> &nbsp; Ligue Occitanie Tennis de Table\n\n\n\n<div style=\"height:100px\" aria-hidden=\"true\" class=\"wp-block-spacer\"><\/div>\n\n\n\n<a href=\"http:\/\/www.handisport.org\/\" target=\"_blank\" rel=\"noopener noreferrer\"><img src=\"http:\/\/emtt48.fr\/wp-content\/uploads\/2019\/04\/handisport.png\" width=\"280\"><\/a> &nbsp; Handisport\n","protected":false},"excerpt":{"rendered":"<p>Site Pingpocket &nbsp; Site de Fran\u00e7ois Geuljans &nbsp; F\u00e9d\u00e9ration Fran\u00e7aise de Tennis de Table &nbsp; Ligue Occitanie Tennis de Table &nbsp; Handisport<\/p>\n","protected":false},"author":1,"featured_media":0,"parent":0,"menu_order":0,"comment_status":"closed","ping_status":"closed","template":"","meta":[],"_links":{"self":[{"href":"https:\/\/emtt48.fr\/index.php\/wp-json\/wp\/v2\/pages\/180"}],"collection":[{"href":"https:\/\/emtt48.fr\/index.php\/wp-json\/wp\/v2\/pages"}],"about":[{"href":"https:\/\/emtt48.fr\/index.php\/wp-json\/wp\/v2\/types\/page"}],"author":[{"embeddable":true,"href":"https:\/\/emtt48.fr\/index.php\/wp-json\/wp\/v2\/users\/1"}],"replies":[{"embeddable":true,"href":"https:\/\/emtt48.fr\/index.php\/wp-json\/wp\/v2\/comments?post=180"}],"version-history":[{"count":24,"href":"https:\/\/emtt48.fr\/index.php\/wp-json\/wp\/v2\/pages\/180\/revisions"}],"predecessor-version":[{"id":502,"href":"https:\/\/emtt48.fr\/index.php\/wp-json\/wp\/v2\/pages\/180\/revisions\/502"}],"wp:attachment":[{"href":"https:\/\/emtt48.fr\/index.php\/wp-json\/wp\/v2\/media?parent=180"}],"curies":[{"name":"wp","href":"https:\/\/api.w.org\/{rel}","templated":true}]}}