{"id":164,"date":"2019-04-03T09:52:53","date_gmt":"2019-04-03T07:52:53","guid":{"rendered":"http:\/\/emtt48.fr\/?page_id=164"},"modified":"2019-04-04T17:21:15","modified_gmt":"2019-04-04T15:21:15","slug":"saison-2016-17","status":"publish","type":"page","link":"https:\/\/emtt48.fr\/index.php\/saison-2016-17\/","title":{"rendered":"Saison 2016-17"},"content":{"rendered":"\n<b>LN &#8211; Championnat de France par \u00e9quipes &#8211; 16-03-2017<\/b><br>\n<a href=\"http:\/\/emtt48.fr\/wp-content\/uploads\/2019\/04\/LN-Championnat-de-France-par-\u00e9quipes-16-03-2017.pdf\" target=\"_blank\" rel=\"noopener noreferrer\"><img src=\"http:\/\/emtt48.fr\/wp-content\/uploads\/2019\/04\/LN-champ-France.jpg\" width=\"500\" alt=\"LN - Championnat de France par \u00e9quipes - 16-03-2017\"><\/a>\n\n\n\n<div style=\"height:100px\" aria-hidden=\"true\" class=\"wp-block-spacer\"><\/div>\n\n\n\n<b>ML &#8211; F GEULJANS bronz\u00e9 en plein hiver &#8211; 03-01-2017<\/b><br>\n<a href=\"http:\/\/emtt48.fr\/wp-content\/uploads\/2019\/04\/ML-F-GEULJANS-bronz\u00e9-en-plein-hiver-03-01-2017.pdf\" target=\"_blank\" rel=\"noopener noreferrer\"><img src=\"http:\/\/emtt48.fr\/wp-content\/uploads\/2019\/04\/geuljans-bronze-hiver.jpg\" width=\"500\" alt=\"ML - F GEULJANS bronz\u00e9 en plein hiver - 03-01-2017\"><\/a>\n\n\n\n<div style=\"height:100px\" aria-hidden=\"true\" class=\"wp-block-spacer\"><\/div>\n\n\n\n<b>ML- Handisport &#8211; Crit\u00e9rium T1 &#8211; 01-12-16<\/b><br>\n<a href=\"http:\/\/emtt48.fr\/wp-content\/uploads\/2019\/04\/ML-Handisport-Crit\u00e9rium-T1-01-12-16.pdf\" target=\"_blank\" rel=\"noopener noreferrer\"><img src=\"http:\/\/emtt48.fr\/wp-content\/uploads\/2019\/04\/ML-Handisport-Criterium.jpg\" width=\"500\" alt=\"ML- Handisport - Crit\u00e9rium T1 - 01-12-16\"><\/a>\n\n\n\n<div style=\"height:100px\" aria-hidden=\"true\" class=\"wp-block-spacer\"><\/div>\n\n\n\n<b>LN &#8211; F GEULJANS en bronze &#8211; 05-01-2017<\/b><br>\n<a href=\"http:\/\/emtt48.fr\/wp-content\/uploads\/2019\/04\/LN-F-GEULJANS-en-bronze-05-01-2017.pdf\" target=\"_blank\" rel=\"noopener noreferrer\"><img src=\"http:\/\/emtt48.fr\/wp-content\/uploads\/2019\/04\/LN-f-geuljans-bronze.jpg\" width=\"500\" alt=\"LN - F GEULJANS en bronze - 05-01-2017\"><\/a>\n\n\n\n<div style=\"height:100px\" aria-hidden=\"true\" class=\"wp-block-spacer\"><\/div>\n\n\n\n<b>LN &#8211; Tournoi Hongrie &#8211; Geuljans F &#8211; 13-04-17<\/b><br>\n<a href=\"http:\/\/emtt48.fr\/wp-content\/uploads\/2019\/04\/LN-Tournoi-Hongrie-Geuljans-F-13-04-17.pdf\" target=\"_blank\" rel=\"noopener noreferrer\"><img src=\"http:\/\/emtt48.fr\/wp-content\/uploads\/2019\/04\/LN-tournoi-hongrie.jpg\" width=\"500\" alt=\"LN - Tournoi Hongrie - Geuljans F - 13-04-17\"><\/a>\n\n\n\n<div style=\"height:100px\" aria-hidden=\"true\" class=\"wp-block-spacer\"><\/div>\n\n\n\n<b>LN- Handisport &#8211; Crit\u00e9rium T1 &#8211; 01-12-16<\/b><br>\n<a href=\"http:\/\/emtt48.fr\/wp-content\/uploads\/2019\/04\/LN-Handisport-Crit\u00e9rium-T1-01-12-16.pdf\" target=\"_blank\" rel=\"noopener noreferrer\"><img src=\"http:\/\/emtt48.fr\/wp-content\/uploads\/2019\/04\/LN-handisport-criterium.jpg\" width=\"500\" alt=\"LN- Handisport - Crit\u00e9rium T1 - 01-12-16\"><\/a>\n\n\n\n<div style=\"height:100px\" aria-hidden=\"true\" class=\"wp-block-spacer\"><\/div>\n\n\n\n<b>ML &#8211; Des ambitions paralympiques &#8211; 05-04-2017<\/b><br>\n<a href=\"http:\/\/emtt48.fr\/wp-content\/uploads\/2019\/04\/ML-Des-ambitions-paralympiques-05-04-2017.pdf\" target=\"_blank\" rel=\"noopener noreferrer\"><img src=\"http:\/\/emtt48.fr\/wp-content\/uploads\/2019\/04\/ambitions-para.jpg\" width=\"500\" alt=\"ML - Des ambitions paralympiques - 05-04-2017\"><\/a>\n","protected":false},"excerpt":{"rendered":"<p>LN &#8211; Championnat de France par \u00e9quipes &#8211; 16-03-2017 ML &#8211; F GEULJANS bronz\u00e9 en plein hiver &#8211; 03-01-2017 ML- Handisport &#8211; Crit\u00e9rium T1 &#8211; 01-12-16 LN &#8211; F GEULJANS en bronze &#8211; 05-01-2017 LN &#8211; Tournoi Hongrie &#8211; Geuljans F &#8211; 13-04-17 LN- Handisport &#8211; Crit\u00e9rium T1 &#8211; 01-12-16 ML &#8211; Des ambitions paralympiques&hellip; <br \/> <a class=\"read-more\" href=\"https:\/\/emtt48.fr\/index.php\/saison-2016-17\/\">Read more<\/a><\/p>\n","protected":false},"author":1,"featured_media":0,"parent":0,"menu_order":0,"comment_status":"closed","ping_status":"closed","template":"","meta":[],"_links":{"self":[{"href":"https:\/\/emtt48.fr\/index.php\/wp-json\/wp\/v2\/pages\/164"}],"collection":[{"href":"https:\/\/emtt48.fr\/index.php\/wp-json\/wp\/v2\/pages"}],"about":[{"href":"https:\/\/emtt48.fr\/index.php\/wp-json\/wp\/v2\/types\/page"}],"author":[{"embeddable":true,"href":"https:\/\/emtt48.fr\/index.php\/wp-json\/wp\/v2\/users\/1"}],"replies":[{"embeddable":true,"href":"https:\/\/emtt48.fr\/index.php\/wp-json\/wp\/v2\/comments?post=164"}],"version-history":[{"count":5,"href":"https:\/\/emtt48.fr\/index.php\/wp-json\/wp\/v2\/pages\/164\/revisions"}],"predecessor-version":[{"id":574,"href":"https:\/\/emtt48.fr\/index.php\/wp-json\/wp\/v2\/pages\/164\/revisions\/574"}],"wp:attachment":[{"href":"https:\/\/emtt48.fr\/index.php\/wp-json\/wp\/v2\/media?parent=164"}],"curies":[{"name":"wp","href":"https:\/\/api.w.org\/{rel}","templated":true}]}}