{"id":118,"date":"2019-04-03T09:46:39","date_gmt":"2019-04-03T07:46:39","guid":{"rendered":"http:\/\/emtt48.fr\/?page_id=118"},"modified":"2019-04-04T09:18:14","modified_gmt":"2019-04-04T07:18:14","slug":"saison-2003-2002","status":"publish","type":"page","link":"https:\/\/emtt48.fr\/index.php\/saison-2003-2002\/","title":{"rendered":"Saison 2002-2003"},"content":{"rendered":"\n<b>Remise de maillots<\/b><br>\n<a href=\"https:\/\/get.google.com\/albumarchive\/113828188805546847589\/album\/AF1QipMouccclMzv_7NdnjLHcykXZQ-88lGTHeRHHbDG\" target=\"_blank\" rel=\"noopener noreferrer\"><img src=\"http:\/\/emtt48.fr\/wp-content\/uploads\/2019\/04\/2003.jpg\" width=\"500\" alt=\"Remise de maillots\"><\/a>\n\n\n\n\n<div style=\"height:100px\" aria-hidden=\"true\" class=\"wp-block-spacer\"><\/div>\n\n\n\n<b>Crit\u00e9rium r\u00e9gional M\u00e8ze<\/b><br>\n<a href=\"https:\/\/get.google.com\/albumarchive\/113828188805546847589\/album\/AF1QipOTS_7DpES2hKQKRgnJlYKQJ1FzT6UK_ai0mhXJ\/AF1QipOft6Sb_XZe1L4siT51_NlGZZaRR6JjRgq1-DO8\" target=\"_blank\" rel=\"noopener noreferrer\"><img src=\"http:\/\/emtt48.fr\/wp-content\/uploads\/2019\/04\/criterium-regional.jpg\" width=\"500\" alt=\"Crit\u00e9rium r\u00e9gional M\u00e8ze\"><\/a>\n\n\n\n<div style=\"height:100px\" aria-hidden=\"true\" class=\"wp-block-spacer\"><\/div>\n\n\n\n<b>Crit\u00e9rium Marvejols 16\/03\/03<\/b><br>\n<a href=\"https:\/\/get.google.com\/albumarchive\/113828188805546847589\/album\/AF1QipO_z46wDjUCPg8OM7hCmcdIVuL2dL2rLEss0Sze\" target=\"_blank\" rel=\"noopener noreferrer\"><img src=\"http:\/\/emtt48.fr\/wp-content\/uploads\/2019\/04\/criterium-marvejol.jpg\" width=\"500\" alt=\"Crit\u00e9rium Marvejols\"><\/a>\n\n\n\n<div style=\"height:100px\" aria-hidden=\"true\" class=\"wp-block-spacer\"><\/div>\n\n\n\n<b>Repas de fin d&#8217;ann\u00e9e Mont-Loz\u00e8re 29\/05\/03<\/b><br>\n<a href=\"https:\/\/get.google.com\/albumarchive\/113828188805546847589\/album\/AF1QipOHlHThuul1KdMA3OD_94Q0--x3uOGmnbu_vHj4\" target=\"_blank\" rel=\"noopener noreferrer\"><img src=\"http:\/\/emtt48.fr\/wp-content\/uploads\/2019\/04\/mont-lozere.jpg\" width=\"500\" alt=\"Repas de fin d'ann\u00e9e Mont-Loz\u00e8re\"><\/a>\n","protected":false},"excerpt":{"rendered":"<p>Remise de maillots Crit\u00e9rium r\u00e9gional M\u00e8ze Crit\u00e9rium Marvejols 16\/03\/03 Repas de fin d&#8217;ann\u00e9e Mont-Loz\u00e8re 29\/05\/03<\/p>\n","protected":false},"author":1,"featured_media":0,"parent":0,"menu_order":0,"comment_status":"closed","ping_status":"closed","template":"","meta":[],"_links":{"self":[{"href":"https:\/\/emtt48.fr\/index.php\/wp-json\/wp\/v2\/pages\/118"}],"collection":[{"href":"https:\/\/emtt48.fr\/index.php\/wp-json\/wp\/v2\/pages"}],"about":[{"href":"https:\/\/emtt48.fr\/index.php\/wp-json\/wp\/v2\/types\/page"}],"author":[{"embeddable":true,"href":"https:\/\/emtt48.fr\/index.php\/wp-json\/wp\/v2\/users\/1"}],"replies":[{"embeddable":true,"href":"https:\/\/emtt48.fr\/index.php\/wp-json\/wp\/v2\/comments?post=118"}],"version-history":[{"count":7,"href":"https:\/\/emtt48.fr\/index.php\/wp-json\/wp\/v2\/pages\/118\/revisions"}],"predecessor-version":[{"id":321,"href":"https:\/\/emtt48.fr\/index.php\/wp-json\/wp\/v2\/pages\/118\/revisions\/321"}],"wp:attachment":[{"href":"https:\/\/emtt48.fr\/index.php\/wp-json\/wp\/v2\/media?parent=118"}],"curies":[{"name":"wp","href":"https:\/\/api.w.org\/{rel}","templated":true}]}}