{"id":100,"date":"2019-04-03T09:45:31","date_gmt":"2019-04-03T07:45:31","guid":{"rendered":"http:\/\/emtt48.fr\/?page_id=100"},"modified":"2019-04-04T10:09:28","modified_gmt":"2019-04-04T08:09:28","slug":"saison-2012-2011","status":"publish","type":"page","link":"https:\/\/emtt48.fr\/index.php\/saison-2012-2011\/","title":{"rendered":"Saison 2011-2012"},"content":{"rendered":"\n<b>Match R3 &#8211; Bagnols sur C\u00e8ze &#8211; 26\/04\/12<\/b><br>\n<a href=\"https:\/\/get.google.com\/albumarchive\/pwa\/113828188805546847589\/album\/5788856834969402289\" target=\"_blank\" rel=\"noopener noreferrer\"><img src=\"http:\/\/emtt48.fr\/wp-content\/uploads\/2019\/04\/bagnol.jpg\" width=\"500\" alt=\"Match R3 - Bagnols sur C\u00e8ze - 26\/04\/12\"><\/a>\n\n\n\n<div style=\"height:100px\" aria-hidden=\"true\" class=\"wp-block-spacer\"><\/div>\n\n\n\n<b>Tournoi de no\u00ebl 22\/12\/11<\/b><br>\n<a href=\"https:\/\/get.google.com\/albumarchive\/113828188805546847589\/album\/AF1QipPzA1io-IVy5hezC6Q-KCAerVU2i1aSrsWwkJAV\" target=\"_blank\" rel=\"noopener noreferrer\"><img src=\"http:\/\/emtt48.fr\/wp-content\/uploads\/2019\/04\/tournoi-noel.jpg\" width=\"500\" alt=\"Championnat jeunes La Canourgue - 2011\"><\/a>\n\n\n\n<div style=\"height:100px\" aria-hidden=\"true\" class=\"wp-block-spacer\"><\/div>\n\n\n\n<b>Les \u00e9quipes de l&#8217;EMTT<\/b><br>\n<a href=\"https:\/\/get.google.com\/albumarchive\/113828188805546847589\/album\/AF1QipPqLwOMv4tKnfcmPvDYqrVSneMd-HeX95L3Errt\" target=\"_blank\" rel=\"noopener noreferrer\"><img src=\"http:\/\/emtt48.fr\/wp-content\/uploads\/2019\/04\/equipes-emtt-12.jpg\" width=\"500\" alt=\"Les \u00e9quipes de l'EMTT\"><\/a>\n\n\n\n<div style=\"height:100px\" aria-hidden=\"true\" class=\"wp-block-spacer\"><\/div>\n\n\n\n<b>Championnat de Loz\u00e8re<\/b><br>\n<a href=\"https:\/\/get.google.com\/albumarchive\/113828188805546847589\/album\/AF1QipPjuLZSQ4MPH7pS8x0CULPSM9MUkPRpz9QgJd9q\" target=\"_blank\" rel=\"noopener noreferrer\"><img src=\"http:\/\/emtt48.fr\/wp-content\/uploads\/2019\/04\/championnat-lozere.jpg\" width=\"500\" alt=\"Championnat de Loz\u00e8re\"><\/a>\n\n\n\n<div style=\"height:100px\" aria-hidden=\"true\" class=\"wp-block-spacer\"><\/div>\n\n\n\n<b>Repas de fin d&#8217;ann\u00e9e &#8211; Juin 2012<\/b><br>\n<a href=\"https:\/\/get.google.com\/albumarchive\/113828188805546847589\/album\/AF1QipNxaaYekoa2IlWL6spShQnLWo9L1R2y-0-fzKd3\" target=\"_blank\" rel=\"noopener noreferrer\"><img src=\"http:\/\/emtt48.fr\/wp-content\/uploads\/2019\/04\/repas_2012.jpg\" width=\"500\" alt=\"Repas de fin d'ann\u00e9e - Juin 2012\"><\/a>\n","protected":false},"excerpt":{"rendered":"<p>Match R3 &#8211; Bagnols sur C\u00e8ze &#8211; 26\/04\/12 Tournoi de no\u00ebl 22\/12\/11 Les \u00e9quipes de l&#8217;EMTT Championnat de Loz\u00e8re Repas de fin d&#8217;ann\u00e9e &#8211; Juin 2012<\/p>\n","protected":false},"author":1,"featured_media":0,"parent":0,"menu_order":0,"comment_status":"closed","ping_status":"closed","template":"","meta":[],"_links":{"self":[{"href":"https:\/\/emtt48.fr\/index.php\/wp-json\/wp\/v2\/pages\/100"}],"collection":[{"href":"https:\/\/emtt48.fr\/index.php\/wp-json\/wp\/v2\/pages"}],"about":[{"href":"https:\/\/emtt48.fr\/index.php\/wp-json\/wp\/v2\/types\/page"}],"author":[{"embeddable":true,"href":"https:\/\/emtt48.fr\/index.php\/wp-json\/wp\/v2\/users\/1"}],"replies":[{"embeddable":true,"href":"https:\/\/emtt48.fr\/index.php\/wp-json\/wp\/v2\/comments?post=100"}],"version-history":[{"count":4,"href":"https:\/\/emtt48.fr\/index.php\/wp-json\/wp\/v2\/pages\/100\/revisions"}],"predecessor-version":[{"id":356,"href":"https:\/\/emtt48.fr\/index.php\/wp-json\/wp\/v2\/pages\/100\/revisions\/356"}],"wp:attachment":[{"href":"https:\/\/emtt48.fr\/index.php\/wp-json\/wp\/v2\/media?parent=100"}],"curies":[{"name":"wp","href":"https:\/\/api.w.org\/{rel}","templated":true}]}}